{"id":14,"date":"2025-08-28T15:51:02","date_gmt":"2025-08-28T13:51:02","guid":{"rendered":"https:\/\/lime-jaguar-305019.hostingersite.com\/?page_id=14"},"modified":"2026-05-10T18:01:49","modified_gmt":"2026-05-10T16:01:49","slug":"accueil","status":"publish","type":"page","link":"https:\/\/lime-jaguar-305019.hostingersite.com\/","title":{"rendered":"Accueil"},"content":{"rendered":"\n<div class=\"wp-block-cover alignfull has-parallax has-accent-1-color has-text-color has-link-color wp-elements-a698d7659a9d265726000b54561d4ea7\" style=\"margin-top:0;margin-bottom:0;padding-top:200px;padding-right:var(--wp--preset--spacing--50);padding-bottom:200px;padding-left:var(--wp--preset--spacing--50);min-height:50vh;aspect-ratio:unset;\"><div class=\"wp-block-cover__image-background wp-image-291 size-full has-parallax\" style=\"background-position:50% 50%;background-image:url(https:\/\/lime-jaguar-305019.hostingersite.com\/wp-content\/uploads\/2026\/04\/DSC2329redim.jpg)\"><\/div><span aria-hidden=\"true\" class=\"wp-block-cover__background has-background-dim-60 has-background-dim\" style=\"background-color:#201a1a\"><\/span><div class=\"wp-block-cover__inner-container has-global-padding is-layout-constrained wp-container-core-cover-is-layout-d47c59a2 wp-block-cover-is-layout-constrained\">\n<h1 class=\"wp-block-heading has-text-align-center has-base-color has-text-color has-link-color wp-elements-b010d41032e6e8007dafee9b550a9e25\"><strong>ACTUALITES<\/strong><\/h1>\n\n\n\n<div class=\"wp-block-buttons is-content-justification-center is-layout-flex wp-container-core-buttons-is-layout-a89b3969 wp-block-buttons-is-layout-flex\">\n<div class=\"wp-block-button\"><a class=\"wp-block-button__link wp-element-button\" href=\"https:\/\/drive.google.com\/file\/d\/1B3MabDIGMEKjp9ZrzKAY9gHseum6sH9a\/view?usp=sharing\" target=\"_blank\" rel=\"noreferrer noopener\">L&rsquo;assiette du moment<\/a><\/div>\n\n\n\n<div class=\"wp-block-button\"><a class=\"wp-block-button__link wp-element-button\" href=\"https:\/\/drive.google.com\/file\/d\/1IiKOGq4Fqz1e8FLo4PHeBgXZ0kSI-xnq\/view?usp=drive_link\" target=\"_blank\" rel=\"noreferrer noopener\">L&rsquo;\u00e9v\u00e8nement du moment : le d\u00e9fi PUZZLE<\/a><\/div>\n<\/div>\n<\/div><\/div>\n\n\n\n<div class=\"wp-block-group alignfull is-style-section-1 has-global-padding is-layout-constrained wp-block-group-is-layout-constrained is-style-section-1--1\" style=\"margin-top:0;margin-bottom:0\">\n<div class=\"wp-block-group alignwide is-layout-grid wp-container-core-group-is-layout-5fdb10e5 wp-block-group-is-layout-grid\" style=\"padding-top:var(--wp--preset--spacing--50);padding-bottom:var(--wp--preset--spacing--50)\">\n<div class=\"wp-block-group is-vertical is-content-justification-stretch is-nowrap is-layout-flex wp-container-core-group-is-layout-627337ab wp-block-group-is-layout-flex\">\n<div class=\"wp-block-group has-global-padding is-layout-constrained wp-block-group-is-layout-constrained\">\n<h2 class=\"wp-block-heading is-style-default\">Un caf\u00e9 ludique &#8230;<\/h2>\n\n\n\n<p class=\"is-style-text-subtitle is-style-text-subtitle--2\">Qu&rsquo;est ce ce que c&rsquo;est ?<\/p>\n\n\n\n<p class=\"is-style-default has-medium-font-size\">C&rsquo;est un lieu de vie o\u00f9 vous pouvez boire, manger, jouer, dans une ambiance propice au partage, \u00e0 la d\u00e9tente, \u00e0 l&rsquo;\u00e9vasion ! <\/p>\n\n\n\n<div class=\"wp-block-group has-global-padding is-layout-constrained wp-block-group-is-layout-constrained\">\n<p class=\"is-style-default has-medium-font-size\">L&rsquo;Arcane&nbsp;est situ\u00e9 en plein c\u0153ur du centre-bourg de Colombiers &#8211; \u00e0 mi-chemin entre Ch\u00e2tellerault et le Futuroscope &#8211; \u00e0 proximit\u00e9 imm\u00e9diate des parkings de la Mairie et du centre.<\/p>\n\n\n\n<p class=\"is-style-default has-medium-font-size\">Nous vous accueillons tous les soirs du mercredi au samedi, et sur r\u00e9servation uniquement <em>(par t\u00e9l\u00e9phone ou e-mail)<\/em> pour repas de groupes les mardi soir, jeudi midi et vendredi midi.<\/p>\n\n\n\n<p class=\"is-style-default has-medium-font-size\">Vous y trouverez <strong>boissons, restauration<\/strong> et&nbsp;<strong>plus de 200 jeux de soci\u00e9t\u00e9<\/strong>, \u00e0 jouer seul, en famille ou entre amis. Le tout dans une d\u00e9co steampunk invitant aux voyages et \u00e0 l&rsquo;imaginaire&#8230;<\/p>\n\n\n\n<p class=\"is-style-default has-medium-font-size\">R\u00e9servez d\u00e8s \u00e0 pr\u00e9sent votre table !<\/p>\n<\/div>\n\n\n\n<div class=\"wp-block-buttons is-horizontal is-content-justification-center is-layout-flex wp-container-core-buttons-is-layout-03627597 wp-block-buttons-is-layout-flex\">\n<div class=\"wp-block-button\"><a class=\"wp-block-button__link has-text-align-center wp-element-button\" href=\"https:\/\/larcane.hiboutik.com\/booking\/\" target=\"_blank\" rel=\"noreferrer noopener\">R\u00e9server une table<\/a><\/div>\n<\/div>\n<\/div>\n<\/div>\n\n\n\n<figure class=\"wp-block-image size-large\"><img loading=\"lazy\" decoding=\"async\" width=\"1024\" height=\"683\" src=\"https:\/\/lime-jaguar-305019.hostingersite.com\/wp-content\/uploads\/2026\/04\/DSC2353redim-1024x683.jpg\" alt=\"\" class=\"wp-image-297\" srcset=\"https:\/\/lime-jaguar-305019.hostingersite.com\/wp-content\/uploads\/2026\/04\/DSC2353redim-1024x683.jpg 1024w, https:\/\/lime-jaguar-305019.hostingersite.com\/wp-content\/uploads\/2026\/04\/DSC2353redim-300x200.jpg 300w, https:\/\/lime-jaguar-305019.hostingersite.com\/wp-content\/uploads\/2026\/04\/DSC2353redim-768x512.jpg 768w, https:\/\/lime-jaguar-305019.hostingersite.com\/wp-content\/uploads\/2026\/04\/DSC2353redim.jpg 1500w\" sizes=\"auto, (max-width: 1024px) 100vw, 1024px\" \/><\/figure>\n<\/div>\n<\/div>\n\n\n\n<div class=\"wp-block-cover alignfull has-parallax has-accent-1-color has-text-color has-link-color wp-elements-08a446dc1565da1d9e2e3ac2adc737e2\" style=\"margin-top:0;margin-bottom:0;padding-top:200px;padding-right:var(--wp--preset--spacing--50);padding-bottom:200px;padding-left:var(--wp--preset--spacing--50);min-height:70vh;aspect-ratio:unset;\"><div class=\"wp-block-cover__image-background wp-image-292 size-full has-parallax\" style=\"background-position:50% 50%;background-image:url(https:\/\/lime-jaguar-305019.hostingersite.com\/wp-content\/uploads\/2026\/04\/train.jpeg)\"><\/div><span aria-hidden=\"true\" class=\"wp-block-cover__background has-background-dim-10 has-background-dim\" style=\"background-color:#665849\"><\/span><div class=\"wp-block-cover__inner-container has-global-padding is-layout-constrained wp-container-core-cover-is-layout-d47c59a2 wp-block-cover-is-layout-constrained\">\n<p class=\"has-text-align-center has-large-font-size\"><\/p>\n<\/div><\/div>\n\n\n\n<div class=\"wp-block-group alignfull is-style-section-1 has-global-padding is-layout-constrained wp-block-group-is-layout-constrained is-style-section-1--3\" style=\"margin-top:0;margin-bottom:0;padding-top:var(--wp--preset--spacing--50);padding-bottom:var(--wp--preset--spacing--50)\">\n<div class=\"wp-block-columns alignwide is-layout-flex wp-container-core-columns-is-layout-66fad18a wp-block-columns-is-layout-flex\">\n<div class=\"wp-block-column is-layout-flow wp-block-column-is-layout-flow\" style=\"padding-right:var(--wp--preset--spacing--50);flex-basis:45%\">\n<figure class=\"wp-block-image aligncenter size-full is-resized\"><img loading=\"lazy\" decoding=\"async\" width=\"2048\" height=\"1536\" src=\"https:\/\/lime-jaguar-305019.hostingersite.com\/wp-content\/uploads\/2026\/04\/tarte_choco-meringue.jpg\" alt=\"\" class=\"wp-image-295\" style=\"aspect-ratio:1.333346081768463;width:405px;height:auto\" srcset=\"https:\/\/lime-jaguar-305019.hostingersite.com\/wp-content\/uploads\/2026\/04\/tarte_choco-meringue.jpg 2048w, https:\/\/lime-jaguar-305019.hostingersite.com\/wp-content\/uploads\/2026\/04\/tarte_choco-meringue-300x225.jpg 300w, https:\/\/lime-jaguar-305019.hostingersite.com\/wp-content\/uploads\/2026\/04\/tarte_choco-meringue-1024x768.jpg 1024w, https:\/\/lime-jaguar-305019.hostingersite.com\/wp-content\/uploads\/2026\/04\/tarte_choco-meringue-768x576.jpg 768w, https:\/\/lime-jaguar-305019.hostingersite.com\/wp-content\/uploads\/2026\/04\/tarte_choco-meringue-1536x1152.jpg 1536w\" sizes=\"auto, (max-width: 2048px) 100vw, 2048px\" \/><\/figure>\n\n\n\n<div class=\"wp-block-group has-global-padding is-layout-constrained wp-block-group-is-layout-constrained\" style=\"margin-top:-12vw\"><\/div>\n<\/div>\n\n\n\n<div class=\"wp-block-column is-vertically-aligned-center is-layout-flow wp-block-column-is-layout-flow\" style=\"padding-right:0;padding-left:0;flex-basis:50%\">\n<div class=\"wp-block-group is-style-default is-vertical is-layout-flex wp-container-core-group-is-layout-fe9cc265 wp-block-group-is-layout-flex\">\n<h2 class=\"wp-block-heading is-style-default\">La carte <\/h2>\n<\/div>\n\n\n\n<p class=\"is-style-default has-medium-font-size\">Nous proposons \u00e0 la carte toutes sortes de <strong>boissons chaudes et froides<\/strong>, des&nbsp;<strong>mocktails<\/strong> et <strong>cocktails<\/strong>, des <strong>bi\u00e8res et vins locaux<\/strong>&nbsp;! Et pour vous accompagner tout au long de vos parties de jeu :&nbsp;<strong>assiettes ap\u00e9ritives, assiettes brasserie, plat du monde, desserts&nbsp;<\/strong>&#8230; le tout fait maison !<\/p>\n\n\n\n<div class=\"wp-block-buttons is-content-justification-center is-layout-flex wp-container-core-buttons-is-layout-a89b3969 wp-block-buttons-is-layout-flex\">\n<div class=\"wp-block-button\"><a class=\"wp-block-button__link wp-element-button\" href=\"https:\/\/drive.google.com\/file\/d\/1P7X6o7woa2Mo6XQLLyNwudlxLsq-Una1\/view?usp=drive_link\" target=\"_blank\" rel=\"noreferrer noopener\">La carte &#8211; Sur place<\/a><\/div>\n<\/div>\n\n\n\n<p class=\"is-style-default has-medium-font-size\">Nous proposons \u00e9galement de la <strong>vente \u00e0 emporter<\/strong>. Commande et service au comptoir.<\/p>\n\n\n\n<div class=\"wp-block-buttons is-content-justification-center is-layout-flex wp-container-core-buttons-is-layout-a89b3969 wp-block-buttons-is-layout-flex\">\n<div class=\"wp-block-button\"><a class=\"wp-block-button__link wp-element-button\">La carte &#8211; A emporter (\u00e0 venir)<\/a><\/div>\n<\/div>\n<\/div>\n<\/div>\n<\/div>\n\n\n\n<div class=\"wp-block-group alignfull is-style-section-1 has-background has-global-padding is-layout-constrained wp-block-group-is-layout-constrained is-style-section-1--4\" style=\"background-color:#201a1a;margin-top:0;margin-bottom:0\">\n<div class=\"wp-block-group alignwide is-layout-grid wp-container-core-group-is-layout-5fdb10e5 wp-block-group-is-layout-grid\" style=\"padding-top:var(--wp--preset--spacing--50);padding-bottom:var(--wp--preset--spacing--50)\">\n<div class=\"wp-block-group is-vertical is-content-justification-stretch is-nowrap is-layout-flex wp-container-core-group-is-layout-627337ab wp-block-group-is-layout-flex\">\n<div class=\"wp-block-group has-global-padding is-layout-constrained wp-block-group-is-layout-constrained\">\n<h2 class=\"wp-block-heading is-style-default has-base-color has-text-color has-link-color wp-elements-02135de1a1149bd07372710dfb91b76b\">La collection  de jeux<\/h2>\n\n\n\n<p class=\"is-style-default has-base-color has-text-color has-link-color has-medium-font-size wp-elements-48cee2cb9937f741f0bfbc49587e5462\">Plus de&nbsp;<strong>200<\/strong>&nbsp;<strong>jeux de soci\u00e9t\u00e9<\/strong>&nbsp; vous attendent &#8211; en acc\u00e8s libre sous r\u00e9serve de consommation (minimum 4\u20ac\/heure et \/personne). Jouables seul ou \u00e0 plusieurs, d\u00e9couvrez notre s\u00e9lection de jeux de soci\u00e9t\u00e9 \u00e0 th\u00e8mes et types vari\u00e9s : jeux r\u00e9tro\/classique, jeux d\u2019ambiance, jeux de quiz, jeux d\u2019enqu\u00eate, ou encore de strat\u00e9gie\u2026 Il y en a pour tous, amateurs de jeux ou n\u00e9ophytes, et pour tous les go\u00fbts !<\/p>\n\n\n\n<div class=\"wp-block-buttons is-horizontal is-content-justification-center is-layout-flex wp-container-core-buttons-is-layout-03627597 wp-block-buttons-is-layout-flex\">\n<div class=\"wp-block-button is-style-fill\"><a class=\"wp-block-button__link has-text-color has-background has-link-color wp-element-button\" href=\"https:\/\/www.myludo.fr\/#!\/profil\/catherine-herrero-60901\" style=\"color:#201a1a;background-color:#c88c5a\" target=\"_blank\" rel=\"noreferrer noopener\">Les jeux de soci\u00e9t\u00e9<\/a><\/div>\n<\/div>\n\n\n\n<p class=\"is-style-default has-base-color has-text-color has-link-color has-medium-font-size wp-elements-6b6e28381742da3749052eed0efe267e\">Et pour les amateurs de jeux vid\u00e9os, des soir\u00e9es sp\u00e9ciales sont organis\u00e9es r\u00e9guli\u00e8rement . Surveillez la programmation !<\/p>\n<\/div>\n<\/div>\n\n\n\n<figure class=\"wp-block-image size-full wp-container-content-5fd69529\"><img loading=\"lazy\" decoding=\"async\" width=\"1500\" height=\"1000\" src=\"https:\/\/lime-jaguar-305019.hostingersite.com\/wp-content\/uploads\/2026\/01\/DSC2329reduc.jpg\" alt=\"\" class=\"wp-image-262\" style=\"aspect-ratio:16\/9;object-fit:cover\" srcset=\"https:\/\/lime-jaguar-305019.hostingersite.com\/wp-content\/uploads\/2026\/01\/DSC2329reduc.jpg 1500w, https:\/\/lime-jaguar-305019.hostingersite.com\/wp-content\/uploads\/2026\/01\/DSC2329reduc-300x200.jpg 300w, https:\/\/lime-jaguar-305019.hostingersite.com\/wp-content\/uploads\/2026\/01\/DSC2329reduc-1024x683.jpg 1024w, https:\/\/lime-jaguar-305019.hostingersite.com\/wp-content\/uploads\/2026\/01\/DSC2329reduc-768x512.jpg 768w\" sizes=\"auto, (max-width: 1500px) 100vw, 1500px\" \/><\/figure>\n<\/div>\n<\/div>\n\n\n\n<aside class=\"wp-block-group alignfull is-style-section-3 has-background has-global-padding is-layout-constrained wp-container-core-group-is-layout-f0f2a97b wp-block-group-is-layout-constrained is-style-section-3--5\" style=\"background-color:#c88c5a;margin-top:0;margin-bottom:0;padding-top:var(--wp--preset--spacing--50);padding-right:var(--wp--preset--spacing--50);padding-bottom:var(--wp--preset--spacing--50);padding-left:var(--wp--preset--spacing--50)\">\n<div class=\"wp-block-group is-vertical is-content-justification-center is-layout-flex wp-container-core-group-is-layout-8778ca4a wp-block-group-is-layout-flex\" style=\"min-height:360px;margin-top:0;margin-bottom:0\">\n<h2 class=\"wp-block-heading has-text-align-center has-xx-large-font-size\">La programmation<\/h2>\n\n\n\n<p class=\"has-text-align-center is-style-default\">L&rsquo;Arcane publie chaque mois son programme d&rsquo;animations ludiques et culturelles. Pour le consulter :<\/p>\n\n\n\n<div class=\"wp-block-buttons is-layout-flex wp-block-buttons-is-layout-flex\">\n<div class=\"wp-block-button\"><a class=\"wp-block-button__link wp-element-button\" href=\"https:\/\/drive.google.com\/file\/d\/13FinFjFWjSMO6abXcxpSpdX8n5PoxPQe\/view?usp=sharing\" target=\"_blank\" rel=\"noreferrer noopener\">Le programme d&rsquo;animations<\/a><\/div>\n<\/div>\n<\/div>\n<\/aside>\n\n\n\n<p><\/p>\n","protected":false},"excerpt":{"rendered":"<p>Un caf\u00e9 ludique &#8230; Qu&rsquo;est ce ce que c&rsquo;est ? C&rsquo;est un lieu de vie o\u00f9 vous pouvez boire, manger, jouer, dans une ambiance propice au partage, \u00e0 la d\u00e9tente, \u00e0 l&rsquo;\u00e9vasion ! L&rsquo;Arcane&nbsp;est situ\u00e9 en plein c\u0153ur du centre-bourg de Colombiers &#8211; \u00e0 mi-chemin entre Ch\u00e2tellerault et le Futuroscope &#8211; \u00e0 proximit\u00e9 imm\u00e9diate des [&hellip;]<\/p>\n","protected":false},"author":1,"featured_media":0,"parent":0,"menu_order":0,"comment_status":"closed","ping_status":"closed","template":"","meta":{"inline_featured_image":false,"footnotes":""},"class_list":["post-14","page","type-page","status-publish","hentry"],"_links":{"self":[{"href":"https:\/\/lime-jaguar-305019.hostingersite.com\/index.php\/wp-json\/wp\/v2\/pages\/14","targetHints":{"allow":["GET"]}}],"collection":[{"href":"https:\/\/lime-jaguar-305019.hostingersite.com\/index.php\/wp-json\/wp\/v2\/pages"}],"about":[{"href":"https:\/\/lime-jaguar-305019.hostingersite.com\/index.php\/wp-json\/wp\/v2\/types\/page"}],"author":[{"embeddable":true,"href":"https:\/\/lime-jaguar-305019.hostingersite.com\/index.php\/wp-json\/wp\/v2\/users\/1"}],"replies":[{"embeddable":true,"href":"https:\/\/lime-jaguar-305019.hostingersite.com\/index.php\/wp-json\/wp\/v2\/comments?post=14"}],"version-history":[{"count":76,"href":"https:\/\/lime-jaguar-305019.hostingersite.com\/index.php\/wp-json\/wp\/v2\/pages\/14\/revisions"}],"predecessor-version":[{"id":367,"href":"https:\/\/lime-jaguar-305019.hostingersite.com\/index.php\/wp-json\/wp\/v2\/pages\/14\/revisions\/367"}],"wp:attachment":[{"href":"https:\/\/lime-jaguar-305019.hostingersite.com\/index.php\/wp-json\/wp\/v2\/media?parent=14"}],"curies":[{"name":"wp","href":"https:\/\/api.w.org\/{rel}","templated":true}]}}